{"id":2980,"date":"2026-02-25T14:35:20","date_gmt":"2026-02-25T13:35:20","guid":{"rendered":"https:\/\/mmlaw.bloodymary.agency\/privacy-policy\/"},"modified":"2026-02-25T16:56:31","modified_gmt":"2026-02-25T15:56:31","slug":"privacy-policy","status":"publish","type":"page","link":"https:\/\/mmlaw.fr\/en\/privacy-policy\/","title":{"rendered":"Privacy Policy"},"content":{"rendered":"\t\t<div data-elementor-type=\"wp-page\" data-elementor-id=\"2980\" class=\"elementor elementor-2980 elementor-2921\" data-elementor-settings=\"{&quot;scroll_snap&quot;:&quot;yes&quot;}\" data-elementor-post-type=\"page\">\n\t\t\t\t<div class=\"elementor-element elementor-element-e24b63e e-flex e-con-boxed e-con e-parent\" data-id=\"e24b63e\" data-element_type=\"container\" data-e-type=\"container\" data-settings=\"{&quot;background_background&quot;:&quot;gradient&quot;}\">\n\t\t\t\t\t<div class=\"e-con-inner\">\n\t\t<div class=\"elementor-element elementor-element-0b3420c e-con-full e-flex e-con e-child\" data-id=\"0b3420c\" data-element_type=\"container\" data-e-type=\"container\">\n\t\t\t\t<div class=\"elementor-element elementor-element-83951ed elementor-widget elementor-widget-heading\" data-id=\"83951ed\" data-element_type=\"widget\" data-e-type=\"widget\" data-widget_type=\"heading.default\">\n\t\t\t\t<div class=\"elementor-widget-container\">\n\t\t\t\t\t<h3 class=\"elementor-heading-title elementor-size-default\">Privacy Policy<\/h3>\t\t\t\t<\/div>\n\t\t\t\t<\/div>\n\t\t\t\t<div class=\"elementor-element elementor-element-2cea7d4 elementor-widget-divider--view-line elementor-invisible elementor-widget elementor-widget-divider\" data-id=\"2cea7d4\" data-element_type=\"widget\" data-e-type=\"widget\" data-settings=\"{&quot;_animation&quot;:&quot;fadeInLeft&quot;}\" data-widget_type=\"divider.default\">\n\t\t\t\t<div class=\"elementor-widget-container\">\n\t\t\t\t\t\t\t<div class=\"elementor-divider\">\n\t\t\t<span class=\"elementor-divider-separator\">\n\t\t\t\t\t\t<\/span>\n\t\t<\/div>\n\t\t\t\t\t\t<\/div>\n\t\t\t\t<\/div>\n\t\t\t\t<div class=\"elementor-element elementor-element-bc97838 elementor-widget elementor-widget-spacer\" data-id=\"bc97838\" data-element_type=\"widget\" data-e-type=\"widget\" data-widget_type=\"spacer.default\">\n\t\t\t\t<div class=\"elementor-widget-container\">\n\t\t\t\t\t\t\t<div class=\"elementor-spacer\">\n\t\t\t<div class=\"elementor-spacer-inner\"><\/div>\n\t\t<\/div>\n\t\t\t\t\t\t<\/div>\n\t\t\t\t<\/div>\n\t\t\t\t<div class=\"elementor-element elementor-element-2d67808 elementor-widget__width-initial elementor-invisible elementor-widget elementor-widget-text-editor\" data-id=\"2d67808\" data-element_type=\"widget\" data-e-type=\"widget\" data-settings=\"{&quot;_animation&quot;:&quot;fadeInUp&quot;}\" data-widget_type=\"text-editor.default\">\n\t\t\t\t<div class=\"elementor-widget-container\">\n\t\t\t\t\t\t\t\t\t<p><strong>Article 1 \u2013 Purpose of the policy<\/strong><\/p>\n<p>The purpose of this policy is to inform users of this website (hereinafter the \u201cusers\u201d), accessible at the URL\u00a0<a href=\"http:\/\/www.mmlaw.fr\/\">www.mmlaw.fr<\/a>\u00a0(hereinafter the \u201cWebsite\u201d), of the conditions under which their personal data (hereinafter \u201cpersonal data\u201d or \u201cdata\u201d) are collected, used, shared and protected.<\/p>\n<p>&nbsp;<\/p>\n<p>This policy has been established in accordance with:<\/p>\n<ul>\n<li>Regulation (EU) 2016\/679 of 27 April 2016; and<\/li>\n<li>French Law No. 78-17 of 6 January 1978, as amended, known as the \u201cData Protection Act\u201d (<em>Informatique et Libert\u00e9s<\/em>).<\/li>\n<\/ul>\n<p><strong>\u00a0<\/strong><\/p>\n<p><strong>Article 2 \u2013 Data controller<\/strong><\/p>\n<p>The data controllers of the personal data collected are the partners of AARPI Migu\u00e9r\u00e8s Moulin.<\/p>\n<p>Registered office: 45 avenue Montaigne, 75008 Paris, France<\/p>\n<p>Telephone: +33 (0)1 72 00 23 72<\/p>\n<p>Email: contact@mmlaw.fr<\/p>\n<p>SIRET number: 522 843 168 00017<\/p>\n<p>(hereinafter \u201cMigu\u00e9r\u00e8s Moulin\u201d).<\/p>\n<p>&nbsp;<\/p>\n<p><strong>Article 3 \u2013 Personal data collecter<\/strong><strong>\u00a0<\/strong><\/p>\n<p>Migu\u00e9r\u00e8s Moulin collects several categories of personal data:<\/p>\n<ul>\n<li>the user\u2019s email address, and any other personal data voluntarily provided by the user to identify themselves in an email sent to Migu\u00e9r\u00e8s Moulin (such as identity details or contact information). This data is collected via the Website through a \u201cmailto\u201d link allowing users to send emails to Migu\u00e9r\u00e8s Moulin or its members; and<\/li>\n<li>the IP address used by the user to access the Website. This data is collected automatically.<\/li>\n<\/ul>\n<p>&nbsp;<\/p>\n<p><strong>Article 4 \u2013 Purposes and legal bases for data processing<\/strong><\/p>\n<p>Personal data is collected fairly and transparently; no data is collected without the knowledge of the individuals concerned.<\/p>\n<p>Personal data is collected for specific purposes, which are made known to users<\/p>\n<p>&nbsp;<\/p>\n<table width=\"595\">\n<tbody>\n<tr>\n<td width=\"245\"><strong>Category of data<\/strong><\/td>\n<td width=\"198\"><strong>Purpose<\/strong><\/td>\n<td width=\"151\"><strong>Legal basis<\/strong><\/td>\n<\/tr>\n<tr>\n<td width=\"245\">User\u2019s email address and any other personal data voluntarily provided in emails sent to Migu\u00e9r\u00e8s Moulin*<\/td>\n<td width=\"198\">Responding to emails sent to Migu\u00e9r\u00e8s Moulin and its members<\/td>\n<td width=\"151\">Legitimate interest<\/td>\n<\/tr>\n<tr>\n<td width=\"245\">IP address used to access the Website<\/td>\n<td width=\"198\">Analysis of potential Website malfunctions and Website security<\/td>\n<td width=\"151\">Legitimate interest<\/td>\n<\/tr>\n<\/tbody>\n<\/table>\n<p>&nbsp;<\/p>\n<p>Such data may not subsequently be used in a manner incompatible with these purposes.<\/p>\n<p>* Only a valid email address is required in order for Migu\u00e9r\u00e8s Moulin to respond to a request submitted via the Website. Any other personal data provided in this context is optional.<\/p>\n<p>&nbsp;<\/p>\n<p><strong>Article 5 \u2013 Data recipients<\/strong><\/p>\n<p>The data collected is intended for:<\/p>\n<ul>\n<li>authorised internal departments of Migu\u00e9r\u00e8s Moulin; and<\/li>\n<li>service providers acting as data processors in the course of the firm\u2019s activities.<\/li>\n<\/ul>\n<p>Such service providers act solely on the instructions of Migu\u00e9r\u00e8s Moulin and are contractually bound by confidentiality obligations. Migu\u00e9r\u00e8s Moulin also requires all its service providers to provide appropriate guarantees to ensure the security and confidentiality of the personal data collected.<\/p>\n<p>The data collected is not sold or transferred to third parties.No personal data will be disclosed to third parties, except in the event of a proven breach of legal or regulatory provisions, in which case such data may be disclosed upon the express and justified request of the competent judicial authorities.<\/p>\n<p>&nbsp;<\/p>\n<p><strong>Article 6 \u2013 Data retention periods<\/strong><\/p>\n<p>Personal data is retained for an unlimited period.<\/p>\n<p>&nbsp;<\/p>\n<p><strong>Article 7 \u2013 Users\u2019 rights<\/strong><\/p>\n<p>Users have the following rights:<\/p>\n<ul>\n<li>the right of access, rectification and erasure of their data;<\/li>\n<li>the right to restriction of and objection to processing;<\/li>\n<li>the right to data portability;<\/li>\n<li>the right to withdraw consent at any time;<\/li>\n<li>the right to lodge a complaint with the French Data Protection Authority (CNIL).<\/li>\n<\/ul>\n<p>These rights may be exercised at any time by contacting:\u00a0contact@mmlaw.fr, or by post at:<br \/>Migu\u00e9r\u00e8s Moulin,<br \/>45 avenue Montaigne,<br \/>75008 Paris, France,<br \/>for the attention of the Data Controller.<\/p>\n<p>Users may also contact the\u00a0<em>Commission Nationale de l\u2019Informatique et des Libert\u00e9s<\/em>\u00a0(CNIL), located at 3 Place de Fontenoy \u2013 TSA 80715, 75334 Paris Cedex 07, France.<\/p>\n<p>For security reasons and in order to prevent abusive or fraudulent requests, any request must be accompanied by a signed copy of a valid identity document. This document will be used solely for the purpose of processing the request and will be deleted once the processing is complete.<\/p>\n<p>&nbsp;<\/p>\n<p><strong>Article 8 \u2013 Security<\/strong><\/p>\n<p>Migu\u00e9r\u00e8s Moulin undertakes to respect users\u2019 privacy and to protect the information communicated to it.<\/p>\n<p>To this end, Migu\u00e9r\u00e8s Moulin implements appropriate technical and organisational security measures to protect the data collected against accidental or unlawful destruction, loss, alteration, unauthorised access or disclosure.<\/p>\n<p>&nbsp;<\/p>\n<p><strong>Article 9 \u2013 Cookies<\/strong><\/p>\n<p>The Website uses cookies to store browsing information during visits. A cookie records information relating to the browsing of a device on the Website (such as pages visited, date and time of access), which may be read during subsequent visits.<\/p>\n<p>Upon a user\u2019s first visit, a consent banner allows the user to accept or refuse non-essential cookies. Users may change their preferences at any time via their browser settings.<\/p>\n<p>&nbsp;<\/p>\n<p><strong>Article 10 \u2013 Amendemnts<\/strong><\/p>\n<p>This policy may be updated at any time to reflect legal or technical developments.<\/p>\n<p>The version in force is the one published on the Website at the date of consultation.<\/p>\n<p>&nbsp;<\/p>\n<p><strong>Article 11 \u2013 Governing law and jurisdiction<\/strong><\/p>\n<p>This policy is governed by French law.<\/p>\n<p>Any dispute relating to its interpretation or execution shall fall within the jurisdiction of the competent French courts, without prejudice to any rights available to users under the laws of their country of residence.<\/p>\n\t\t\t\t\t\t\t\t<\/div>\n\t\t\t\t<\/div>\n\t\t\t\t<div class=\"elementor-element elementor-element-9f0ce96 elementor-widget elementor-widget-spacer\" data-id=\"9f0ce96\" data-element_type=\"widget\" data-e-type=\"widget\" data-widget_type=\"spacer.default\">\n\t\t\t\t<div class=\"elementor-widget-container\">\n\t\t\t\t\t\t\t<div class=\"elementor-spacer\">\n\t\t\t<div class=\"elementor-spacer-inner\"><\/div>\n\t\t<\/div>\n\t\t\t\t\t\t<\/div>\n\t\t\t\t<\/div>\n\t\t\t\t<\/div>\n\t\t\t\t\t<\/div>\n\t\t\t\t<\/div>\n\t\t\t\t<\/div>\n\t\t","protected":false},"excerpt":{"rendered":"<p>Privacy Policy Article 1 \u2013 Purpose of the policy The purpose of this policy is to inform users of this website (hereinafter the \u201cusers\u201d), accessible at the URL\u00a0www.mmlaw.fr\u00a0(hereinafter the \u201cWebsite\u201d), of the conditions under which their personal data (hereinafter \u201cpersonal data\u201d or \u201cdata\u201d) are collected, used, shared and protected. &nbsp; This policy has been established [&hellip;]<\/p>\n","protected":false},"author":1,"featured_media":0,"parent":0,"menu_order":1,"comment_status":"closed","ping_status":"closed","template":"","meta":{"footnotes":""},"categories":[],"tags":[],"class_list":["post-2980","page","type-page","status-publish","hentry"],"yoast_head":"<!-- This site is optimized with the Yoast SEO plugin v27.3 - https:\/\/yoast.com\/product\/yoast-seo-wordpress\/ -->\n<title>Privacy Policy - MMLAW - Avocats entrepreneurs - Paris<\/title>\n<meta name=\"robots\" content=\"index, follow, max-snippet:-1, max-image-preview:large, max-video-preview:-1\" \/>\n<link rel=\"canonical\" href=\"https:\/\/mmlaw.fr\/en\/privacy-policy\/\" \/>\n<meta property=\"og:locale\" content=\"en_US\" \/>\n<meta property=\"og:type\" content=\"article\" \/>\n<meta property=\"og:title\" content=\"Privacy Policy - MMLAW - Avocats entrepreneurs - Paris\" \/>\n<meta property=\"og:description\" content=\"Privacy Policy Article 1 \u2013 Purpose of the policy The purpose of this policy is to inform users of this website (hereinafter the \u201cusers\u201d), accessible at the URL\u00a0www.mmlaw.fr\u00a0(hereinafter the \u201cWebsite\u201d), of the conditions under which their personal data (hereinafter \u201cpersonal data\u201d or \u201cdata\u201d) are collected, used, shared and protected. &nbsp; This policy has been established [&hellip;]\" \/>\n<meta property=\"og:url\" content=\"https:\/\/mmlaw.fr\/en\/privacy-policy\/\" \/>\n<meta property=\"og:site_name\" content=\"MMLAW - Avocats entrepreneurs - Paris\" \/>\n<meta property=\"article:modified_time\" content=\"2026-02-25T15:56:31+00:00\" \/>\n<meta name=\"twitter:card\" content=\"summary_large_image\" \/>\n<meta name=\"twitter:label1\" content=\"Est. reading time\" \/>\n\t<meta name=\"twitter:data1\" content=\"4 minutes\" \/>\n<script type=\"application\/ld+json\" class=\"yoast-schema-graph\">{\"@context\":\"https:\\\/\\\/schema.org\",\"@graph\":[{\"@type\":\"WebPage\",\"@id\":\"https:\\\/\\\/mmlaw.fr\\\/en\\\/privacy-policy\\\/\",\"url\":\"https:\\\/\\\/mmlaw.fr\\\/en\\\/privacy-policy\\\/\",\"name\":\"Privacy Policy - MMLAW - Avocats entrepreneurs - Paris\",\"isPartOf\":{\"@id\":\"https:\\\/\\\/mmlaw.fr\\\/en\\\/#website\"},\"datePublished\":\"2026-02-25T13:35:20+00:00\",\"dateModified\":\"2026-02-25T15:56:31+00:00\",\"breadcrumb\":{\"@id\":\"https:\\\/\\\/mmlaw.fr\\\/en\\\/privacy-policy\\\/#breadcrumb\"},\"inLanguage\":\"en-US\",\"potentialAction\":[{\"@type\":\"ReadAction\",\"target\":[\"https:\\\/\\\/mmlaw.fr\\\/en\\\/privacy-policy\\\/\"]}]},{\"@type\":\"BreadcrumbList\",\"@id\":\"https:\\\/\\\/mmlaw.fr\\\/en\\\/privacy-policy\\\/#breadcrumb\",\"itemListElement\":[{\"@type\":\"ListItem\",\"position\":1,\"name\":\"Accueil\",\"item\":\"https:\\\/\\\/mmlaw.fr\\\/en\\\/\"},{\"@type\":\"ListItem\",\"position\":2,\"name\":\"Privacy Policy\"}]},{\"@type\":\"WebSite\",\"@id\":\"https:\\\/\\\/mmlaw.fr\\\/en\\\/#website\",\"url\":\"https:\\\/\\\/mmlaw.fr\\\/en\\\/\",\"name\":\"MMLAW - Avocats entrepreneurs - Paris\",\"description\":\"Artisans de la strat\u00e9gie juridique\",\"publisher\":{\"@id\":\"https:\\\/\\\/mmlaw.fr\\\/en\\\/#organization\"},\"potentialAction\":[{\"@type\":\"SearchAction\",\"target\":{\"@type\":\"EntryPoint\",\"urlTemplate\":\"https:\\\/\\\/mmlaw.fr\\\/en\\\/?s={search_term_string}\"},\"query-input\":{\"@type\":\"PropertyValueSpecification\",\"valueRequired\":true,\"valueName\":\"search_term_string\"}}],\"inLanguage\":\"en-US\"},{\"@type\":\"Organization\",\"@id\":\"https:\\\/\\\/mmlaw.fr\\\/en\\\/#organization\",\"name\":\"MMLAW - Avocats entrepreneurs - Paris\",\"url\":\"https:\\\/\\\/mmlaw.fr\\\/en\\\/\",\"logo\":{\"@type\":\"ImageObject\",\"inLanguage\":\"en-US\",\"@id\":\"https:\\\/\\\/mmlaw.fr\\\/en\\\/#\\\/schema\\\/logo\\\/image\\\/\",\"url\":\"https:\\\/\\\/mmlaw.fr\\\/wp-content\\\/uploads\\\/2025\\\/06\\\/LOGO-MMLAW.webp\",\"contentUrl\":\"https:\\\/\\\/mmlaw.fr\\\/wp-content\\\/uploads\\\/2025\\\/06\\\/LOGO-MMLAW.webp\",\"width\":671,\"height\":570,\"caption\":\"MMLAW - Avocats entrepreneurs - Paris\"},\"image\":{\"@id\":\"https:\\\/\\\/mmlaw.fr\\\/en\\\/#\\\/schema\\\/logo\\\/image\\\/\"}}]}<\/script>\n<!-- \/ Yoast SEO plugin. -->","yoast_head_json":{"title":"Privacy Policy - MMLAW - Avocats entrepreneurs - Paris","robots":{"index":"index","follow":"follow","max-snippet":"max-snippet:-1","max-image-preview":"max-image-preview:large","max-video-preview":"max-video-preview:-1"},"canonical":"https:\/\/mmlaw.fr\/en\/privacy-policy\/","og_locale":"en_US","og_type":"article","og_title":"Privacy Policy - MMLAW - Avocats entrepreneurs - Paris","og_description":"Privacy Policy Article 1 \u2013 Purpose of the policy The purpose of this policy is to inform users of this website (hereinafter the \u201cusers\u201d), accessible at the URL\u00a0www.mmlaw.fr\u00a0(hereinafter the \u201cWebsite\u201d), of the conditions under which their personal data (hereinafter \u201cpersonal data\u201d or \u201cdata\u201d) are collected, used, shared and protected. &nbsp; This policy has been established [&hellip;]","og_url":"https:\/\/mmlaw.fr\/en\/privacy-policy\/","og_site_name":"MMLAW - Avocats entrepreneurs - Paris","article_modified_time":"2026-02-25T15:56:31+00:00","twitter_card":"summary_large_image","twitter_misc":{"Est. reading time":"4 minutes"},"schema":{"@context":"https:\/\/schema.org","@graph":[{"@type":"WebPage","@id":"https:\/\/mmlaw.fr\/en\/privacy-policy\/","url":"https:\/\/mmlaw.fr\/en\/privacy-policy\/","name":"Privacy Policy - MMLAW - Avocats entrepreneurs - Paris","isPartOf":{"@id":"https:\/\/mmlaw.fr\/en\/#website"},"datePublished":"2026-02-25T13:35:20+00:00","dateModified":"2026-02-25T15:56:31+00:00","breadcrumb":{"@id":"https:\/\/mmlaw.fr\/en\/privacy-policy\/#breadcrumb"},"inLanguage":"en-US","potentialAction":[{"@type":"ReadAction","target":["https:\/\/mmlaw.fr\/en\/privacy-policy\/"]}]},{"@type":"BreadcrumbList","@id":"https:\/\/mmlaw.fr\/en\/privacy-policy\/#breadcrumb","itemListElement":[{"@type":"ListItem","position":1,"name":"Accueil","item":"https:\/\/mmlaw.fr\/en\/"},{"@type":"ListItem","position":2,"name":"Privacy Policy"}]},{"@type":"WebSite","@id":"https:\/\/mmlaw.fr\/en\/#website","url":"https:\/\/mmlaw.fr\/en\/","name":"MMLAW - Avocats entrepreneurs - Paris","description":"Artisans de la strat\u00e9gie juridique","publisher":{"@id":"https:\/\/mmlaw.fr\/en\/#organization"},"potentialAction":[{"@type":"SearchAction","target":{"@type":"EntryPoint","urlTemplate":"https:\/\/mmlaw.fr\/en\/?s={search_term_string}"},"query-input":{"@type":"PropertyValueSpecification","valueRequired":true,"valueName":"search_term_string"}}],"inLanguage":"en-US"},{"@type":"Organization","@id":"https:\/\/mmlaw.fr\/en\/#organization","name":"MMLAW - Avocats entrepreneurs - Paris","url":"https:\/\/mmlaw.fr\/en\/","logo":{"@type":"ImageObject","inLanguage":"en-US","@id":"https:\/\/mmlaw.fr\/en\/#\/schema\/logo\/image\/","url":"https:\/\/mmlaw.fr\/wp-content\/uploads\/2025\/06\/LOGO-MMLAW.webp","contentUrl":"https:\/\/mmlaw.fr\/wp-content\/uploads\/2025\/06\/LOGO-MMLAW.webp","width":671,"height":570,"caption":"MMLAW - Avocats entrepreneurs - Paris"},"image":{"@id":"https:\/\/mmlaw.fr\/en\/#\/schema\/logo\/image\/"}}]}},"_links":{"self":[{"href":"https:\/\/mmlaw.fr\/en\/wp-json\/wp\/v2\/pages\/2980","targetHints":{"allow":["GET"]}}],"collection":[{"href":"https:\/\/mmlaw.fr\/en\/wp-json\/wp\/v2\/pages"}],"about":[{"href":"https:\/\/mmlaw.fr\/en\/wp-json\/wp\/v2\/types\/page"}],"author":[{"embeddable":true,"href":"https:\/\/mmlaw.fr\/en\/wp-json\/wp\/v2\/users\/1"}],"replies":[{"embeddable":true,"href":"https:\/\/mmlaw.fr\/en\/wp-json\/wp\/v2\/comments?post=2980"}],"version-history":[{"count":1,"href":"https:\/\/mmlaw.fr\/en\/wp-json\/wp\/v2\/pages\/2980\/revisions"}],"predecessor-version":[{"id":2981,"href":"https:\/\/mmlaw.fr\/en\/wp-json\/wp\/v2\/pages\/2980\/revisions\/2981"}],"wp:attachment":[{"href":"https:\/\/mmlaw.fr\/en\/wp-json\/wp\/v2\/media?parent=2980"}],"wp:term":[{"taxonomy":"category","embeddable":true,"href":"https:\/\/mmlaw.fr\/en\/wp-json\/wp\/v2\/categories?post=2980"},{"taxonomy":"post_tag","embeddable":true,"href":"https:\/\/mmlaw.fr\/en\/wp-json\/wp\/v2\/tags?post=2980"}],"curies":[{"name":"wp","href":"https:\/\/api.w.org\/{rel}","templated":true}]}}